{"id":34,"date":"2019-01-11T14:24:42","date_gmt":"2019-01-11T14:24:42","guid":{"rendered":"https:\/\/tiagogomes.net\/pt\/blog\/"},"modified":"2026-01-02T12:32:50","modified_gmt":"2026-01-02T11:32:50","slug":"contabilidade-no-porto-criacao-de-empresas-empresas-na-hora-empresas-online-gabinete-de-contabilidade-contabilista-porto-contabilidade-contabilista-porto-antas-salarios-gestao","status":"publish","type":"page","link":"https:\/\/tiagogomes.net\/pt\/contabilidade-no-porto-criacao-de-empresas-empresas-na-hora-empresas-online-gabinete-de-contabilidade-contabilista-porto-contabilidade-contabilista-porto-antas-salarios-gestao\/","title":{"rendered":"Not\u00edcias"},"content":{"rendered":"\n<p><strong>Transi\u00e7\u00e3o Digital&#8230; Sustentabilidade Ambiental<\/strong><\/p>\n\n\n\n<p>Na Rigor Permanente a transi\u00e7\u00e3o digital j\u00e1 \u00e9 uma realidade. Porque o Ambiente importa!<\/p>\n\n\n\n<p>Diga adeus \u00e0 preocupa\u00e7\u00e3o de estar sempre a enviar os documentos em papel para a contabilidade.<br>Com a nossa oferta do Arquivo Digital personalizado, todos os nossos clientes t\u00eam acesso \u00e0 informa\u00e7\u00e3o da contabilidade em tempo real. <\/p>\n\n\n\n<p>Sem Papeis. Sem Custos.<br>Antecipe o futuro e tenha j\u00e1 o acesso \u00e0 sua contabilidade no pc ou telem\u00f3vel\u2026 simples n\u00e3o \u00e9? <\/p>\n\n\n\n<p>Fale connosco e torne o futuro uma realidade j\u00e1 hoje.<br>Porque proteger o Ambiente \u00e9 uma responsabilidade de todos n\u00f3s .<\/p>\n\n\n\n<hr class=\"wp-block-separator has-css-opacity\"\/>\n\n\n\n<p class=\"has-text-align-center\"><em><strong>Outras Not\u00edcias<\/strong><\/em><\/p>\n\n\n\n<p><em>&#8211;<em>Sal\u00e1rio m\u00ednimo para 2026 aprovado no valor de 920,00\u20ac<\/em><\/em><\/p>\n\n\n\n<p><em>&#8211;<em><em>Aprovado o novo Valor do IAS para 2026 de 537,13\u20ac<\/em><\/em><\/em><\/p>\n\n\n\n<p>&#8211;<em><em>Valor do Subs\u00eddio de Alimenta\u00e7\u00e3o em vigor de 6,00\u20ac<\/em><\/em><\/p>\n\n\n\n<hr class=\"wp-block-separator has-css-opacity\"\/>\n\n\n\n<p>  <em>&#8211;<em>IRS &#8211; N\u00e3o esque\u00e7a de fazer a comunica\u00e7\u00e3o do agregado familiar at\u00e9 15 de Fevereiro <\/em><\/em><\/p>\n\n\n\n<p>&#8211;<em><em>IRS &#8211; N\u00e3o esque\u00e7a de fazer a valida\u00e7\u00e3o das faturas no portal e-fatura at\u00e9 27 de Fevereiro<\/em><\/em>  <\/p>\n\n\n\n<hr class=\"wp-block-separator has-css-opacity\"\/>\n\n\n\n<p><em>&#8211; A partir de 01\/01\/2023<\/em> \u00e9 o<em>brigat\u00f3rio para todas as Empresas a comunica\u00e7\u00e3o das s\u00e9ries de fatura\u00e7\u00e3o \u00e0 AT<\/em><\/p>\n\n\n\n<hr class=\"wp-block-separator has-css-opacity\"\/>\n\n\n\n<p><em><strong>Registo Central de Benefici\u00e1rio Efetivo<\/strong><\/em><br><em>&#8211; O Registo Central do Benefici\u00e1rio Efectivo (RCBE) foi criado pela Lei n\u00ba 89\/2017, de 21 de Agosto, (regulamentado pela Portaria n.\u00ba 233\/2018, de 21 de agosto) para cumprir a Diretiva (UE) n.\u00ba 2015\/849 relativa ao branqueamento de capitais. <\/em><\/p>\n\n\n\n<p><em><span><b>Este registo \u00e9 obrigat\u00f3rio para todas as empresas e deve ser actualizado anualmente ou sempre que existam altera\u00e7\u00f5es na <\/b><\/span><strong>sociedade.<\/strong><\/em><\/p>\n\n\n\n<hr class=\"wp-block-separator has-css-opacity\"\/>\n\n\n\n<p><em>Regulamento Geral de Prote\u00e7\u00e3o de Dados<\/em><br><em>-Est\u00e1 em vigor desde 25 de Maio de 2018 o novo RGPD &nbsp;por aplica\u00e7\u00e3o do Regulamento Europeu n\u00ba 2016\/679<\/em><\/p>\n\n\n\n<hr class=\"wp-block-separator has-css-opacity\"\/>\n\n\n\n<p><strong><em>Crie a sua empresa na hora, sem filas de espera e no conforto dos nossos escrit\u00f3rios&#8230; e sem custos. <\/em><\/strong><\/p>\n\n\n\n<p><strong><em>Fale j\u00e1 com os nossos assistentes online<\/em><\/strong>.<\/p>\n\n\n\n<p><em><strong>Tratamos de todo o processo de forma personalizada para encontrar a melhor solu\u00e7\u00e3o \u00e0 sua medida.<\/strong><\/em><\/p>\n\n\n\n<p><em><strong> Junte-se \u00e0 nossa fam\u00edlia de clientes que confiam na nossa equipa para o sucesso do seu neg\u00f3cio.<\/strong><\/em><\/p>\n\n\n\n<p><\/p>\n\n\n\n<hr class=\"wp-block-separator has-css-opacity\"\/>\n\n\n\n<p><em style=\"\"><b>J\u00e1 visitou o nosso site para registo de dom\u00ednios e alojamento de websites? A sua presen\u00e7a na Internet aos melhores pre\u00e7os.              <\/b><\/em><\/p>\n\n\n\n<p><em style=\"\"><b>Visite-nos j\u00e1 em <a aria-label=\"Abrir RegistosOnline (abre num novo separador)\" href=\"https:\/\/registosonline.com\" target=\"_blank\" rel=\"noreferrer noopener\">RegistosOnline<\/a><\/b><\/em><\/p>\n","protected":false},"excerpt":{"rendered":"<p>Transi\u00e7\u00e3o Digital&#8230; Sustentabilidade Ambiental Na Rigor Permanente a transi\u00e7\u00e3o digital j\u00e1 \u00e9 uma realidade. Porque o Ambiente importa! Diga adeus \u00e0 preocupa\u00e7\u00e3o de estar sempre a enviar os documentos em papel para a contabilidade.Com a nossa oferta do Arquivo Digital personalizado, todos os nossos clientes t\u00eam acesso \u00e0 informa\u00e7\u00e3o da contabilidade em tempo real. Sem<\/p>\n<p><a href=\"https:\/\/tiagogomes.net\/pt\/contabilidade-no-porto-criacao-de-empresas-empresas-na-hora-empresas-online-gabinete-de-contabilidade-contabilista-porto-contabilidade-contabilista-porto-antas-salarios-gestao\/\" class=\"more-link\">Ler mais<\/a><\/p>\n","protected":false},"author":1,"featured_media":0,"parent":0,"menu_order":0,"comment_status":"closed","ping_status":"closed","template":"","meta":{"footnotes":""},"class_list":["post-34","page","type-page","status-publish","hentry"],"yoast_head":"<!-- This site is optimized with the Yoast SEO plugin v27.5 - https:\/\/yoast.com\/product\/yoast-seo-wordpress\/ -->\n<title>Not\u00edcias - Rigor Permanente - Contabilidade e Gest\u00e3o, Lda<\/title>\n<meta name=\"description\" content=\"Contabilidade no porto - cria\u00e7\u00e3o de empresas - empresas na hora - empresas online - gabinete de contabilidade - contabilista porto - contabilidade - contabilista - porto - antas - sal\u00e1rios - gest\u00e3o - consultoria - contas - neg\u00f3cios\" \/>\n<meta name=\"robots\" content=\"index, follow, max-snippet:-1, max-image-preview:large, max-video-preview:-1\" \/>\n<link rel=\"canonical\" href=\"https:\/\/tiagogomes.net\/pt\/contabilidade-no-porto-criacao-de-empresas-empresas-na-hora-empresas-online-gabinete-de-contabilidade-contabilista-porto-contabilidade-contabilista-porto-antas-salarios-gestao\/\" \/>\n<meta property=\"og:locale\" content=\"pt_PT\" \/>\n<meta property=\"og:type\" content=\"article\" \/>\n<meta property=\"og:title\" content=\"Not\u00edcias - Rigor Permanente - Contabilidade e Gest\u00e3o, Lda\" \/>\n<meta property=\"og:description\" content=\"Contabilidade no porto - cria\u00e7\u00e3o de empresas - empresas na hora - empresas online - gabinete de contabilidade - contabilista porto - contabilidade - contabilista - porto - antas - sal\u00e1rios - gest\u00e3o - consultoria - contas - neg\u00f3cios\" \/>\n<meta property=\"og:url\" content=\"https:\/\/tiagogomes.net\/pt\/contabilidade-no-porto-criacao-de-empresas-empresas-na-hora-empresas-online-gabinete-de-contabilidade-contabilista-porto-contabilidade-contabilista-porto-antas-salarios-gestao\/\" \/>\n<meta property=\"og:site_name\" content=\"Rigor Permanente - Contabilidade e Gest\u00e3o, Lda\" \/>\n<meta property=\"article:modified_time\" content=\"2026-01-02T11:32:50+00:00\" \/>\n<meta name=\"twitter:card\" content=\"summary_large_image\" \/>\n<meta name=\"twitter:label1\" content=\"Tempo estimado de leitura\" \/>\n\t<meta name=\"twitter:data1\" content=\"2 minutos\" \/>\n<script type=\"application\/ld+json\" class=\"yoast-schema-graph\">{\"@context\":\"https:\\\/\\\/schema.org\",\"@graph\":[{\"@type\":\"WebPage\",\"@id\":\"https:\\\/\\\/tiagogomes.net\\\/pt\\\/contabilidade-no-porto-criacao-de-empresas-empresas-na-hora-empresas-online-gabinete-de-contabilidade-contabilista-porto-contabilidade-contabilista-porto-antas-salarios-gestao\\\/\",\"url\":\"https:\\\/\\\/tiagogomes.net\\\/pt\\\/contabilidade-no-porto-criacao-de-empresas-empresas-na-hora-empresas-online-gabinete-de-contabilidade-contabilista-porto-contabilidade-contabilista-porto-antas-salarios-gestao\\\/\",\"name\":\"Not\u00edcias - Rigor Permanente - Contabilidade e Gest\u00e3o, Lda\",\"isPartOf\":{\"@id\":\"https:\\\/\\\/tiagogomes.net\\\/pt\\\/#website\"},\"datePublished\":\"2019-01-11T14:24:42+00:00\",\"dateModified\":\"2026-01-02T11:32:50+00:00\",\"description\":\"Contabilidade no porto - cria\u00e7\u00e3o de empresas - empresas na hora - empresas online - gabinete de contabilidade - contabilista porto - contabilidade - contabilista - porto - antas - sal\u00e1rios - gest\u00e3o - consultoria - contas - neg\u00f3cios\",\"breadcrumb\":{\"@id\":\"https:\\\/\\\/tiagogomes.net\\\/pt\\\/contabilidade-no-porto-criacao-de-empresas-empresas-na-hora-empresas-online-gabinete-de-contabilidade-contabilista-porto-contabilidade-contabilista-porto-antas-salarios-gestao\\\/#breadcrumb\"},\"inLanguage\":\"pt-PT\",\"potentialAction\":[{\"@type\":\"ReadAction\",\"target\":[\"https:\\\/\\\/tiagogomes.net\\\/pt\\\/contabilidade-no-porto-criacao-de-empresas-empresas-na-hora-empresas-online-gabinete-de-contabilidade-contabilista-porto-contabilidade-contabilista-porto-antas-salarios-gestao\\\/\"]}]},{\"@type\":\"BreadcrumbList\",\"@id\":\"https:\\\/\\\/tiagogomes.net\\\/pt\\\/contabilidade-no-porto-criacao-de-empresas-empresas-na-hora-empresas-online-gabinete-de-contabilidade-contabilista-porto-contabilidade-contabilista-porto-antas-salarios-gestao\\\/#breadcrumb\",\"itemListElement\":[{\"@type\":\"ListItem\",\"position\":1,\"name\":\"In\u00edcio\",\"item\":\"https:\\\/\\\/tiagogomes.net\\\/pt\\\/\"},{\"@type\":\"ListItem\",\"position\":2,\"name\":\"Not\u00edcias\"}]},{\"@type\":\"WebSite\",\"@id\":\"https:\\\/\\\/tiagogomes.net\\\/pt\\\/#website\",\"url\":\"https:\\\/\\\/tiagogomes.net\\\/pt\\\/\",\"name\":\"Rigor Permanente - Contabilidade e Gest\u00e3o, Lda\",\"description\":\"contabilista porto gabinete de contabilidade contabilista certificado contabilista antas contabilidade no porto cria\u00e7\u00e3o de empresa gest\u00e3o consultoria fiscal\",\"publisher\":{\"@id\":\"https:\\\/\\\/tiagogomes.net\\\/pt\\\/#organization\"},\"potentialAction\":[{\"@type\":\"SearchAction\",\"target\":{\"@type\":\"EntryPoint\",\"urlTemplate\":\"https:\\\/\\\/tiagogomes.net\\\/pt\\\/?s={search_term_string}\"},\"query-input\":{\"@type\":\"PropertyValueSpecification\",\"valueRequired\":true,\"valueName\":\"search_term_string\"}}],\"inLanguage\":\"pt-PT\"},{\"@type\":\"Organization\",\"@id\":\"https:\\\/\\\/tiagogomes.net\\\/pt\\\/#organization\",\"name\":\"Rigor Permanente - Contabilidade e Gest\u00e3o Lda\",\"url\":\"https:\\\/\\\/tiagogomes.net\\\/pt\\\/\",\"logo\":{\"@type\":\"ImageObject\",\"inLanguage\":\"pt-PT\",\"@id\":\"https:\\\/\\\/tiagogomes.net\\\/pt\\\/#\\\/schema\\\/logo\\\/image\\\/\",\"url\":\"https:\\\/\\\/tiagogomes.net\\\/pt\\\/wp-content\\\/uploads\\\/2019\\\/01\\\/RP-logo.jpg\",\"contentUrl\":\"https:\\\/\\\/tiagogomes.net\\\/pt\\\/wp-content\\\/uploads\\\/2019\\\/01\\\/RP-logo.jpg\",\"width\":211,\"height\":100,\"caption\":\"Rigor Permanente - Contabilidade e Gest\u00e3o Lda\"},\"image\":{\"@id\":\"https:\\\/\\\/tiagogomes.net\\\/pt\\\/#\\\/schema\\\/logo\\\/image\\\/\"}}]}<\/script>\n<!-- \/ Yoast SEO plugin. -->","yoast_head_json":{"title":"Not\u00edcias - Rigor Permanente - Contabilidade e Gest\u00e3o, Lda","description":"Contabilidade no porto - cria\u00e7\u00e3o de empresas - empresas na hora - empresas online - gabinete de contabilidade - contabilista porto - contabilidade - contabilista - porto - antas - sal\u00e1rios - gest\u00e3o - consultoria - contas - neg\u00f3cios","robots":{"index":"index","follow":"follow","max-snippet":"max-snippet:-1","max-image-preview":"max-image-preview:large","max-video-preview":"max-video-preview:-1"},"canonical":"https:\/\/tiagogomes.net\/pt\/contabilidade-no-porto-criacao-de-empresas-empresas-na-hora-empresas-online-gabinete-de-contabilidade-contabilista-porto-contabilidade-contabilista-porto-antas-salarios-gestao\/","og_locale":"pt_PT","og_type":"article","og_title":"Not\u00edcias - Rigor Permanente - Contabilidade e Gest\u00e3o, Lda","og_description":"Contabilidade no porto - cria\u00e7\u00e3o de empresas - empresas na hora - empresas online - gabinete de contabilidade - contabilista porto - contabilidade - contabilista - porto - antas - sal\u00e1rios - gest\u00e3o - consultoria - contas - neg\u00f3cios","og_url":"https:\/\/tiagogomes.net\/pt\/contabilidade-no-porto-criacao-de-empresas-empresas-na-hora-empresas-online-gabinete-de-contabilidade-contabilista-porto-contabilidade-contabilista-porto-antas-salarios-gestao\/","og_site_name":"Rigor Permanente - Contabilidade e Gest\u00e3o, Lda","article_modified_time":"2026-01-02T11:32:50+00:00","twitter_card":"summary_large_image","twitter_misc":{"Tempo estimado de leitura":"2 minutos"},"schema":{"@context":"https:\/\/schema.org","@graph":[{"@type":"WebPage","@id":"https:\/\/tiagogomes.net\/pt\/contabilidade-no-porto-criacao-de-empresas-empresas-na-hora-empresas-online-gabinete-de-contabilidade-contabilista-porto-contabilidade-contabilista-porto-antas-salarios-gestao\/","url":"https:\/\/tiagogomes.net\/pt\/contabilidade-no-porto-criacao-de-empresas-empresas-na-hora-empresas-online-gabinete-de-contabilidade-contabilista-porto-contabilidade-contabilista-porto-antas-salarios-gestao\/","name":"Not\u00edcias - Rigor Permanente - Contabilidade e Gest\u00e3o, Lda","isPartOf":{"@id":"https:\/\/tiagogomes.net\/pt\/#website"},"datePublished":"2019-01-11T14:24:42+00:00","dateModified":"2026-01-02T11:32:50+00:00","description":"Contabilidade no porto - cria\u00e7\u00e3o de empresas - empresas na hora - empresas online - gabinete de contabilidade - contabilista porto - contabilidade - contabilista - porto - antas - sal\u00e1rios - gest\u00e3o - consultoria - contas - neg\u00f3cios","breadcrumb":{"@id":"https:\/\/tiagogomes.net\/pt\/contabilidade-no-porto-criacao-de-empresas-empresas-na-hora-empresas-online-gabinete-de-contabilidade-contabilista-porto-contabilidade-contabilista-porto-antas-salarios-gestao\/#breadcrumb"},"inLanguage":"pt-PT","potentialAction":[{"@type":"ReadAction","target":["https:\/\/tiagogomes.net\/pt\/contabilidade-no-porto-criacao-de-empresas-empresas-na-hora-empresas-online-gabinete-de-contabilidade-contabilista-porto-contabilidade-contabilista-porto-antas-salarios-gestao\/"]}]},{"@type":"BreadcrumbList","@id":"https:\/\/tiagogomes.net\/pt\/contabilidade-no-porto-criacao-de-empresas-empresas-na-hora-empresas-online-gabinete-de-contabilidade-contabilista-porto-contabilidade-contabilista-porto-antas-salarios-gestao\/#breadcrumb","itemListElement":[{"@type":"ListItem","position":1,"name":"In\u00edcio","item":"https:\/\/tiagogomes.net\/pt\/"},{"@type":"ListItem","position":2,"name":"Not\u00edcias"}]},{"@type":"WebSite","@id":"https:\/\/tiagogomes.net\/pt\/#website","url":"https:\/\/tiagogomes.net\/pt\/","name":"Rigor Permanente - Contabilidade e Gest\u00e3o, Lda","description":"contabilista porto gabinete de contabilidade contabilista certificado contabilista antas contabilidade no porto cria\u00e7\u00e3o de empresa gest\u00e3o consultoria fiscal","publisher":{"@id":"https:\/\/tiagogomes.net\/pt\/#organization"},"potentialAction":[{"@type":"SearchAction","target":{"@type":"EntryPoint","urlTemplate":"https:\/\/tiagogomes.net\/pt\/?s={search_term_string}"},"query-input":{"@type":"PropertyValueSpecification","valueRequired":true,"valueName":"search_term_string"}}],"inLanguage":"pt-PT"},{"@type":"Organization","@id":"https:\/\/tiagogomes.net\/pt\/#organization","name":"Rigor Permanente - Contabilidade e Gest\u00e3o Lda","url":"https:\/\/tiagogomes.net\/pt\/","logo":{"@type":"ImageObject","inLanguage":"pt-PT","@id":"https:\/\/tiagogomes.net\/pt\/#\/schema\/logo\/image\/","url":"https:\/\/tiagogomes.net\/pt\/wp-content\/uploads\/2019\/01\/RP-logo.jpg","contentUrl":"https:\/\/tiagogomes.net\/pt\/wp-content\/uploads\/2019\/01\/RP-logo.jpg","width":211,"height":100,"caption":"Rigor Permanente - Contabilidade e Gest\u00e3o Lda"},"image":{"@id":"https:\/\/tiagogomes.net\/pt\/#\/schema\/logo\/image\/"}}]}},"_links":{"self":[{"href":"https:\/\/tiagogomes.net\/pt\/wp-json\/wp\/v2\/pages\/34","targetHints":{"allow":["GET"]}}],"collection":[{"href":"https:\/\/tiagogomes.net\/pt\/wp-json\/wp\/v2\/pages"}],"about":[{"href":"https:\/\/tiagogomes.net\/pt\/wp-json\/wp\/v2\/types\/page"}],"author":[{"embeddable":true,"href":"https:\/\/tiagogomes.net\/pt\/wp-json\/wp\/v2\/users\/1"}],"replies":[{"embeddable":true,"href":"https:\/\/tiagogomes.net\/pt\/wp-json\/wp\/v2\/comments?post=34"}],"version-history":[{"count":50,"href":"https:\/\/tiagogomes.net\/pt\/wp-json\/wp\/v2\/pages\/34\/revisions"}],"predecessor-version":[{"id":396,"href":"https:\/\/tiagogomes.net\/pt\/wp-json\/wp\/v2\/pages\/34\/revisions\/396"}],"wp:attachment":[{"href":"https:\/\/tiagogomes.net\/pt\/wp-json\/wp\/v2\/media?parent=34"}],"curies":[{"name":"wp","href":"https:\/\/api.w.org\/{rel}","templated":true}]}}