{"id":3,"date":"2019-01-11T13:30:02","date_gmt":"2019-01-11T13:30:02","guid":{"rendered":"https:\/\/tiagogomes.net\/pt\/?page_id=3"},"modified":"2020-05-19T17:41:01","modified_gmt":"2020-05-19T16:41:01","slug":"privacy-policy","status":"publish","type":"page","link":"https:\/\/tiagogomes.net\/pt\/privacy-policy\/","title":{"rendered":"Politica de Privacidade"},"content":{"rendered":"\n<p><strong>POL\u00cdTICAS DE PRIVACIDADE E USO DE COOKIES<\/strong><\/p>\n\n\n\n<p>A SUA PRIVACIDADE E A PROTE\u00c7\u00c3O DOS SEUS DADOS PESSOAIS S\u00c3O MUITO IMPORTANTES PARA N\u00d3S, ACONSELHAMOS POR ISSO A LEITURA DESTA POL\u00cdTICA DE PRIVACIDADE PARA CONHECER E ACEITAR AS CONDI\u00c7\u00d5ES EM QUE DISPONIBILIZA OS SEUS DADOS PESSOAIS E AUTORIZA A SUA RECOLHA, USO E DIVULGA\u00c7\u00c3O DOS MESMOS DE ACORDO COM AS REGRAS AQUI DEFINIDAS. <\/p>\n\n\n\n<p><strong>Pol\u00edtica de privacidade para Utilizadores do Site<\/strong><\/p>\n\n\n\n<p>Este site \u00e9 operado por Rigor Permanente \u2013 Contabilidade e Gest\u00e3o, LDA., NIPC 514466138 e sede na Alameda E\u00e7a de Queir\u00f3s, 205 A \u2013 4200-274 Porto.  <\/p>\n\n\n\n<p>A RIGOR PERMANENTE, para os efeitos previstos no Regulamento Geral de Prote\u00e7\u00e3o de Dados (RGPD), informa os utilizadores desta p\u00e1gina da Internet de que os dados de car\u00e1ter pessoal que facultarem atrav\u00e9s da mesma, tanto no preenchimento de qualquer formul\u00e1rio, como atrav\u00e9s de e-mail ou por qualquer outro meio, ser\u00e3o tratados em conformidade com a presente Pol\u00edtica de Prote\u00e7\u00e3o de dados.   <\/p>\n\n\n\n<p><strong>Tempo de Conserva\u00e7\u00e3o<\/strong> <\/p>\n\n\n\n<p>A RIGOR PERMANENTE n\u00e3o manter\u00e1 os dados pessoais recolhidos por mais tempo do que o necess\u00e1rio para alcan\u00e7ar os fins leg\u00edtimos para que foram recolhidos, de acordo com a legisla\u00e7\u00e3o em vigor. <\/p>\n\n\n\n<p><strong>Direitos de retifica\u00e7\u00e3o, cancelamento ou oposi\u00e7\u00e3o<\/strong><\/p>\n\n\n\n<p> O interessado pode exercer os direitos de retifica\u00e7\u00e3o, cancelamento ou oposi\u00e7\u00e3o sobre tais dados, assim como, por motivos leg\u00edtimos e legalmente fundamentados, o direito de proibir a RIGOR PERMANENTE de recolher ou revelar os seus dados pessoais. Pode, igualmente, nos termos da lei, solicitar a elimina\u00e7\u00e3o dos seus dados pessoais comunicados para o efeito, podendo sempre que pretenda recorrer para a entidade nacional competente em mat\u00e9ria de prote\u00e7\u00e3o de dados pessoais. Assim, para o exerc\u00edcio dos seus direitos, nesta mat\u00e9ria, solicita-se que notifique a RIGOR PERMANENTE, por escrito para o email: geral@rigorpermanente.pt  <\/p>\n\n\n\n<p><strong>Cookies <\/strong><\/p>\n\n\n\n<p>Os Cookies, s\u00e3o arquivos que o seu navegador de Internet coloca no seu disco r\u00edgido quando visita um site. Os Cookies n\u00e3o permitem identific\u00e1-lo pessoalmente. Os dados assim registados podem obter informa\u00e7\u00e3o, assim como as p\u00e1ginas que consultam, a data e hora da dita consulta, e a informa\u00e7\u00e3o do rastreio. Pode adequar o seu navegador para que o informe da presen\u00e7a de \u201ccookies\u201d e oferecer-lhe a op\u00e7\u00e3o de aceit\u00e1-los ou n\u00e3o. Tamb\u00e9m pode ajustar o seu navegador para desativ\u00e1-los. <\/p>\n\n\n\n<p><strong>Liga\u00e7\u00f5es <\/strong><\/p>\n\n\n\n<p>O site da RIGOR PERMANENTE na Internet pode incluir liga\u00e7\u00f5es a sites de terceiros. Informamos que a RIGOR PERMANENTE n\u00e3o tem o controlo sobre estes sites e, portanto, n\u00e3o pode ser considerada respons\u00e1vel pelas pr\u00e1ticas de terceiros relativas \u00e0 confidencialidade e \u00e0 seguran\u00e7a dos seus dados pessoais nem do seu conte\u00fado. Neste contexto, e para sua prote\u00e7\u00e3o, aconselhamos que reveja as pol\u00edticas de privacidade de tais sites antes de os usar e\/ou de lhes facultar os seus dados pessoais. <\/p>\n\n\n\n<p><strong>Autoriza\u00e7\u00e3o para esta Pol\u00edtica de Privacidade<\/strong><\/p>\n\n\n\n<p> Quando utiliza este website expressa a sua aceita\u00e7\u00e3o da nossa Pol\u00edtica de Privacidade ao utilizar este website. Se n\u00e3o estiver de acordo com alguma condi\u00e7\u00e3o desta pol\u00edtica, por favor n\u00e3o utilize este site e\/ou n\u00e3o envie informa\u00e7\u00e3o pessoal identific\u00e1vel. Contacte-nos Caso tenha alguma d\u00favida ou pretenda algum esclarecimento adicional sobre o tratamento dos seus dados pode contatar-nos pelo email geral@rigorpermanente.pt <\/p>\n\n\n\n<p>Obrigado por ler a nossa Pol\u00edtica de Privacidade. <\/p>\n\n\n\n<p>Rigor Permanente \u2013 Contabilidade e Gest\u00e3o, Lda.<\/p>\n\n\n\n<p>Maio 2018  <\/p>\n","protected":false},"excerpt":{"rendered":"<p>POL\u00cdTICAS DE PRIVACIDADE E USO DE COOKIES A SUA PRIVACIDADE E A PROTE\u00c7\u00c3O DOS SEUS DADOS PESSOAIS S\u00c3O MUITO IMPORTANTES PARA N\u00d3S, ACONSELHAMOS POR ISSO A LEITURA DESTA POL\u00cdTICA DE PRIVACIDADE PARA CONHECER E ACEITAR AS CONDI\u00c7\u00d5ES EM QUE DISPONIBILIZA OS SEUS DADOS PESSOAIS E AUTORIZA A SUA RECOLHA, USO E DIVULGA\u00c7\u00c3O DOS MESMOS DE<\/p>\n<p><a href=\"https:\/\/tiagogomes.net\/pt\/privacy-policy\/\" class=\"more-link\">Ler mais<\/a><\/p>\n","protected":false},"author":1,"featured_media":0,"parent":0,"menu_order":0,"comment_status":"closed","ping_status":"closed","template":"","meta":{"footnotes":""},"class_list":["post-3","page","type-page","status-publish","hentry"],"yoast_head":"<!-- This site is optimized with the Yoast SEO plugin v27.5 - https:\/\/yoast.com\/product\/yoast-seo-wordpress\/ -->\n<title>Politica de Privacidade - Rigor Permanente - Contabilidade e Gest\u00e3o, Lda<\/title>\n<meta name=\"description\" content=\"Contabilidade no porto - cria\u00e7\u00e3o de empresas - empresas na hora - empresas online - gabinete de contabilidade - contabilista porto -\" \/>\n<meta name=\"robots\" content=\"index, follow, max-snippet:-1, max-image-preview:large, max-video-preview:-1\" \/>\n<link rel=\"canonical\" href=\"https:\/\/tiagogomes.net\/pt\/privacy-policy\/\" \/>\n<meta property=\"og:locale\" content=\"pt_PT\" \/>\n<meta property=\"og:type\" content=\"article\" \/>\n<meta property=\"og:title\" content=\"Politica de Privacidade - Rigor Permanente - Contabilidade e Gest\u00e3o, Lda\" \/>\n<meta property=\"og:description\" content=\"Contabilidade no porto - cria\u00e7\u00e3o de empresas - empresas na hora - empresas online - gabinete de contabilidade - contabilista porto -\" \/>\n<meta property=\"og:url\" content=\"https:\/\/tiagogomes.net\/pt\/privacy-policy\/\" \/>\n<meta property=\"og:site_name\" content=\"Rigor Permanente - Contabilidade e Gest\u00e3o, Lda\" \/>\n<meta property=\"article:modified_time\" content=\"2020-05-19T16:41:01+00:00\" \/>\n<meta name=\"twitter:card\" content=\"summary_large_image\" \/>\n<meta name=\"twitter:label1\" content=\"Tempo estimado de leitura\" \/>\n\t<meta name=\"twitter:data1\" content=\"3 minutos\" \/>\n<script type=\"application\/ld+json\" class=\"yoast-schema-graph\">{\"@context\":\"https:\\\/\\\/schema.org\",\"@graph\":[{\"@type\":\"WebPage\",\"@id\":\"https:\\\/\\\/tiagogomes.net\\\/pt\\\/privacy-policy\\\/\",\"url\":\"https:\\\/\\\/tiagogomes.net\\\/pt\\\/privacy-policy\\\/\",\"name\":\"Politica de Privacidade - Rigor Permanente - Contabilidade e Gest\u00e3o, Lda\",\"isPartOf\":{\"@id\":\"https:\\\/\\\/tiagogomes.net\\\/pt\\\/#website\"},\"datePublished\":\"2019-01-11T13:30:02+00:00\",\"dateModified\":\"2020-05-19T16:41:01+00:00\",\"description\":\"Contabilidade no porto - cria\u00e7\u00e3o de empresas - empresas na hora - empresas online - gabinete de contabilidade - contabilista porto -\",\"breadcrumb\":{\"@id\":\"https:\\\/\\\/tiagogomes.net\\\/pt\\\/privacy-policy\\\/#breadcrumb\"},\"inLanguage\":\"pt-PT\",\"potentialAction\":[{\"@type\":\"ReadAction\",\"target\":[\"https:\\\/\\\/tiagogomes.net\\\/pt\\\/privacy-policy\\\/\"]}]},{\"@type\":\"BreadcrumbList\",\"@id\":\"https:\\\/\\\/tiagogomes.net\\\/pt\\\/privacy-policy\\\/#breadcrumb\",\"itemListElement\":[{\"@type\":\"ListItem\",\"position\":1,\"name\":\"In\u00edcio\",\"item\":\"https:\\\/\\\/tiagogomes.net\\\/pt\\\/\"},{\"@type\":\"ListItem\",\"position\":2,\"name\":\"Politica de Privacidade\"}]},{\"@type\":\"WebSite\",\"@id\":\"https:\\\/\\\/tiagogomes.net\\\/pt\\\/#website\",\"url\":\"https:\\\/\\\/tiagogomes.net\\\/pt\\\/\",\"name\":\"Rigor Permanente - Contabilidade e Gest\u00e3o, Lda\",\"description\":\"contabilista porto gabinete de contabilidade contabilista certificado contabilista antas contabilidade no porto cria\u00e7\u00e3o de empresa gest\u00e3o consultoria fiscal\",\"publisher\":{\"@id\":\"https:\\\/\\\/tiagogomes.net\\\/pt\\\/#organization\"},\"potentialAction\":[{\"@type\":\"SearchAction\",\"target\":{\"@type\":\"EntryPoint\",\"urlTemplate\":\"https:\\\/\\\/tiagogomes.net\\\/pt\\\/?s={search_term_string}\"},\"query-input\":{\"@type\":\"PropertyValueSpecification\",\"valueRequired\":true,\"valueName\":\"search_term_string\"}}],\"inLanguage\":\"pt-PT\"},{\"@type\":\"Organization\",\"@id\":\"https:\\\/\\\/tiagogomes.net\\\/pt\\\/#organization\",\"name\":\"Rigor Permanente - Contabilidade e Gest\u00e3o Lda\",\"url\":\"https:\\\/\\\/tiagogomes.net\\\/pt\\\/\",\"logo\":{\"@type\":\"ImageObject\",\"inLanguage\":\"pt-PT\",\"@id\":\"https:\\\/\\\/tiagogomes.net\\\/pt\\\/#\\\/schema\\\/logo\\\/image\\\/\",\"url\":\"https:\\\/\\\/tiagogomes.net\\\/pt\\\/wp-content\\\/uploads\\\/2019\\\/01\\\/RP-logo.jpg\",\"contentUrl\":\"https:\\\/\\\/tiagogomes.net\\\/pt\\\/wp-content\\\/uploads\\\/2019\\\/01\\\/RP-logo.jpg\",\"width\":211,\"height\":100,\"caption\":\"Rigor Permanente - Contabilidade e Gest\u00e3o Lda\"},\"image\":{\"@id\":\"https:\\\/\\\/tiagogomes.net\\\/pt\\\/#\\\/schema\\\/logo\\\/image\\\/\"}}]}<\/script>\n<!-- \/ Yoast SEO plugin. -->","yoast_head_json":{"title":"Politica de Privacidade - Rigor Permanente - Contabilidade e Gest\u00e3o, Lda","description":"Contabilidade no porto - cria\u00e7\u00e3o de empresas - empresas na hora - empresas online - gabinete de contabilidade - contabilista porto -","robots":{"index":"index","follow":"follow","max-snippet":"max-snippet:-1","max-image-preview":"max-image-preview:large","max-video-preview":"max-video-preview:-1"},"canonical":"https:\/\/tiagogomes.net\/pt\/privacy-policy\/","og_locale":"pt_PT","og_type":"article","og_title":"Politica de Privacidade - Rigor Permanente - Contabilidade e Gest\u00e3o, Lda","og_description":"Contabilidade no porto - cria\u00e7\u00e3o de empresas - empresas na hora - empresas online - gabinete de contabilidade - contabilista porto -","og_url":"https:\/\/tiagogomes.net\/pt\/privacy-policy\/","og_site_name":"Rigor Permanente - Contabilidade e Gest\u00e3o, Lda","article_modified_time":"2020-05-19T16:41:01+00:00","twitter_card":"summary_large_image","twitter_misc":{"Tempo estimado de leitura":"3 minutos"},"schema":{"@context":"https:\/\/schema.org","@graph":[{"@type":"WebPage","@id":"https:\/\/tiagogomes.net\/pt\/privacy-policy\/","url":"https:\/\/tiagogomes.net\/pt\/privacy-policy\/","name":"Politica de Privacidade - Rigor Permanente - Contabilidade e Gest\u00e3o, Lda","isPartOf":{"@id":"https:\/\/tiagogomes.net\/pt\/#website"},"datePublished":"2019-01-11T13:30:02+00:00","dateModified":"2020-05-19T16:41:01+00:00","description":"Contabilidade no porto - cria\u00e7\u00e3o de empresas - empresas na hora - empresas online - gabinete de contabilidade - contabilista porto -","breadcrumb":{"@id":"https:\/\/tiagogomes.net\/pt\/privacy-policy\/#breadcrumb"},"inLanguage":"pt-PT","potentialAction":[{"@type":"ReadAction","target":["https:\/\/tiagogomes.net\/pt\/privacy-policy\/"]}]},{"@type":"BreadcrumbList","@id":"https:\/\/tiagogomes.net\/pt\/privacy-policy\/#breadcrumb","itemListElement":[{"@type":"ListItem","position":1,"name":"In\u00edcio","item":"https:\/\/tiagogomes.net\/pt\/"},{"@type":"ListItem","position":2,"name":"Politica de Privacidade"}]},{"@type":"WebSite","@id":"https:\/\/tiagogomes.net\/pt\/#website","url":"https:\/\/tiagogomes.net\/pt\/","name":"Rigor Permanente - Contabilidade e Gest\u00e3o, Lda","description":"contabilista porto gabinete de contabilidade contabilista certificado contabilista antas contabilidade no porto cria\u00e7\u00e3o de empresa gest\u00e3o consultoria fiscal","publisher":{"@id":"https:\/\/tiagogomes.net\/pt\/#organization"},"potentialAction":[{"@type":"SearchAction","target":{"@type":"EntryPoint","urlTemplate":"https:\/\/tiagogomes.net\/pt\/?s={search_term_string}"},"query-input":{"@type":"PropertyValueSpecification","valueRequired":true,"valueName":"search_term_string"}}],"inLanguage":"pt-PT"},{"@type":"Organization","@id":"https:\/\/tiagogomes.net\/pt\/#organization","name":"Rigor Permanente - Contabilidade e Gest\u00e3o Lda","url":"https:\/\/tiagogomes.net\/pt\/","logo":{"@type":"ImageObject","inLanguage":"pt-PT","@id":"https:\/\/tiagogomes.net\/pt\/#\/schema\/logo\/image\/","url":"https:\/\/tiagogomes.net\/pt\/wp-content\/uploads\/2019\/01\/RP-logo.jpg","contentUrl":"https:\/\/tiagogomes.net\/pt\/wp-content\/uploads\/2019\/01\/RP-logo.jpg","width":211,"height":100,"caption":"Rigor Permanente - Contabilidade e Gest\u00e3o Lda"},"image":{"@id":"https:\/\/tiagogomes.net\/pt\/#\/schema\/logo\/image\/"}}]}},"_links":{"self":[{"href":"https:\/\/tiagogomes.net\/pt\/wp-json\/wp\/v2\/pages\/3","targetHints":{"allow":["GET"]}}],"collection":[{"href":"https:\/\/tiagogomes.net\/pt\/wp-json\/wp\/v2\/pages"}],"about":[{"href":"https:\/\/tiagogomes.net\/pt\/wp-json\/wp\/v2\/types\/page"}],"author":[{"embeddable":true,"href":"https:\/\/tiagogomes.net\/pt\/wp-json\/wp\/v2\/users\/1"}],"replies":[{"embeddable":true,"href":"https:\/\/tiagogomes.net\/pt\/wp-json\/wp\/v2\/comments?post=3"}],"version-history":[{"count":8,"href":"https:\/\/tiagogomes.net\/pt\/wp-json\/wp\/v2\/pages\/3\/revisions"}],"predecessor-version":[{"id":269,"href":"https:\/\/tiagogomes.net\/pt\/wp-json\/wp\/v2\/pages\/3\/revisions\/269"}],"wp:attachment":[{"href":"https:\/\/tiagogomes.net\/pt\/wp-json\/wp\/v2\/media?parent=3"}],"curies":[{"name":"wp","href":"https:\/\/api.w.org\/{rel}","templated":true}]}}